{"id":2,"date":"2022-10-27T16:24:29","date_gmt":"2022-10-27T14:24:29","guid":{"rendered":"https:\/\/bremen-sys.com\/?page_id=2"},"modified":"2026-01-05T07:14:18","modified_gmt":"2026-01-05T06:14:18","slug":"bremen-syscom-it-dienstleister-fuer-norddeutschland","status":"publish","type":"page","link":"https:\/\/bremen-sys.com\/","title":{"rendered":"Ihr Full-Service-IT-Dienstleister aus Norddeutschland"},"content":{"rendered":"\n<p><\/p>\n\n\n\n<p>Das freundliche und kompetente <strong>Systemhaus<\/strong> aus Norddeutschland:<br><br>&#8211; Hard- und Software<br>&#8211; <strong>Betreuung<\/strong> Ihrer IT aus <em>einer<\/em> Hand<br>&#8211; Windows <strong>Server<\/strong> und Desktop-Systeme<br>&#8211; Apple <strong>MacOS<\/strong> \/ iOS &#8211; eine unserer St\u00e4rken<br>&#8211; <strong>Linux<\/strong> Server und Desktop<br>&#8211; Backup &amp; <strong>Restore<\/strong><br>&#8211; <strong>Printsysteme<\/strong> \/ Scan-L\u00f6sungen<br>&#8211; Digifax &#8211; wer\u00b4s noch braucht &#8230; \ud83d\ude09<br>&#8211; Datenschutz und Datensicherheit: <strong>NIS2<\/strong> \/ <strong>GDPR<\/strong><br>&#8211; <strong>Netzwerke<\/strong>: von verdrahteten Konservendosen bis 100 GbE, Kupfer und LWL &#8230; <br>&#8211; Cloudl\u00f6sungen<br>&#8211; <strong>Firewall &amp; Security<\/strong>: OpnSense, pfSense, Lancom<br>&#8211; Voice-Over-IP: <strong>CloudPBX<\/strong>, CentreXX, 3CX, DT-Standard, Nfon &#8230;<br>&#8211; Business Continuity Management<br>&#8211; <strong>Beratung &amp; Consulting<\/strong><br><br>Allgemeine Anfragen:<br><a href=\"tel:+4942198999460\">0421 98 99 94 60<\/a><br><a href=\"mailto:support@bremen-sys.com\">support@bremen-sys.com<\/a><\/p>\n\n\n\n<p>F\u00fcr direkte Supportanfragen k\u00f6nnen Sie hier ein Ticket er\u00f6ffnen:<br><a href=\"mailto:helpdesk@bremen-sys.com\">helpdesk@bremen-sys.com<\/a><\/p>\n\n\n\n<p class=\"has-normal-font-size\"><\/p>\n\n\n\n<p><\/p>\n\n\n\n<hr class=\"wp-block-separator has-alpha-channel-opacity\"\/>\n\n\n\n\t\t<style>\n\t\t\t#wpls-logo-showcase-slider-1 .wpls-fix-box,\n\t\t\t#wpls-logo-showcase-slider-1 .wpls-fix-box img.wp-post-image{max-height:150px; }\n\t\t<\/style>\n\n\t\t<div class=\"wpls-wrap wpls-logo-showcase-slider-wrp wpls-logo-clearfix wpls-design-1 \" data-conf=\"{&quot;slides_column&quot;:4,&quot;slides_scroll&quot;:1,&quot;dots&quot;:&quot;true&quot;,&quot;arrows&quot;:&quot;true&quot;,&quot;autoplay&quot;:&quot;true&quot;,&quot;autoplay_interval&quot;:3000,&quot;loop&quot;:&quot;true&quot;,&quot;rtl&quot;:&quot;false&quot;,&quot;speed&quot;:600,&quot;center_mode&quot;:&quot;false&quot;,&quot;lazyload&quot;:&quot;&quot;}\">\n\t\t\t<div class=\"wpls-logo-showcase logo_showcase wpls-logo-slider  sliderimage_hide_border \" id=\"wpls-logo-showcase-slider-1\" >\n\t\t\t\t<div class=\"wpls-logo-cnt\">\n\t<div class=\"wpls-fix-box\">\n\t\t\t\t<a href=\"https:\/\/www.ito-movers.de\/\" target=\"_blank\">\n\t\t\t<img decoding=\"async\" class=\"wp-post-image\"  src=\"https:\/\/bremen-sys.com\/wp-content\/uploads\/2024\/08\/ito-logo-150x150.png\" alt=\"\" \/>\n\t\t<\/a>\n\t\t\t<\/div>\n\t<\/div><div class=\"wpls-logo-cnt\">\n\t<div class=\"wpls-fix-box\">\n\t\t\t\t<a href=\"https:\/\/www.lidl.de\/\" target=\"_blank\">\n\t\t\t<img decoding=\"async\" class=\"wp-post-image\"  src=\"https:\/\/bremen-sys.com\/wp-content\/uploads\/2024\/08\/lidl-150x150.png\" alt=\"\" \/>\n\t\t<\/a>\n\t\t\t<\/div>\n\t<\/div><div class=\"wpls-logo-cnt\">\n\t<div class=\"wpls-fix-box\">\n\t\t\t\t<a href=\"https:\/\/brm.de\/\" target=\"_blank\">\n\t\t\t<img decoding=\"async\" class=\"wp-post-image\"  src=\"https:\/\/bremen-sys.com\/wp-content\/uploads\/2024\/08\/BRM_Logo-150x150.jpg\" alt=\"\" \/>\n\t\t<\/a>\n\t\t\t<\/div>\n\t<\/div><div class=\"wpls-logo-cnt\">\n\t<div class=\"wpls-fix-box\">\n\t\t\t\t<a href=\"https:\/\/belladonna-bremen.de\/\" target=\"_blank\">\n\t\t\t<img decoding=\"async\" class=\"wp-post-image\"  src=\"https:\/\/bremen-sys.com\/wp-content\/uploads\/2023\/10\/belladonna3-150x150.png\" alt=\"\" \/>\n\t\t<\/a>\n\t\t\t<\/div>\n\t<\/div><div class=\"wpls-logo-cnt\">\n\t<div class=\"wpls-fix-box\">\n\t\t\t\t<a href=\"http:\/\/fleischerei-sander.de\/\" target=\"_blank\">\n\t\t\t<img decoding=\"async\" class=\"wp-post-image\"  src=\"https:\/\/bremen-sys.com\/wp-content\/uploads\/2023\/03\/SANDER-150x150.gif\" alt=\"\" \/>\n\t\t<\/a>\n\t\t\t<\/div>\n\t<\/div><div class=\"wpls-logo-cnt\">\n\t<div class=\"wpls-fix-box\">\n\t\t\t\t<a href=\"https:\/\/www.todo-solutions.de\/index.php\/de\/\" target=\"_blank\">\n\t\t\t<img decoding=\"async\" class=\"wp-post-image\"  src=\"https:\/\/bremen-sys.com\/wp-content\/uploads\/2023\/03\/logo-to-do-solutions-150x55.png\" alt=\"\" \/>\n\t\t<\/a>\n\t\t\t<\/div>\n\t<\/div><div class=\"wpls-logo-cnt\">\n\t<div class=\"wpls-fix-box\">\n\t\t\t\t<a href=\"https:\/\/www.deme-group.com\/\" target=\"_blank\">\n\t\t\t<img decoding=\"async\" class=\"wp-post-image\"  src=\"https:\/\/bremen-sys.com\/wp-content\/uploads\/2022\/11\/deme.gif\" alt=\"Logo Deme\" \/>\n\t\t<\/a>\n\t\t\t<\/div>\n\t<\/div><div class=\"wpls-logo-cnt\">\n\t<div class=\"wpls-fix-box\">\n\t\t\t\t<a href=\"https:\/\/www.mpi-bremen.de\/\" target=\"_blank\">\n\t\t\t<img decoding=\"async\" class=\"wp-post-image\"  src=\"https:\/\/bremen-sys.com\/wp-content\/uploads\/2022\/11\/mpi-bremen.png\" alt=\"\" \/>\n\t\t<\/a>\n\t\t\t<\/div>\n\t<\/div><div class=\"wpls-logo-cnt\">\n\t<div class=\"wpls-fix-box\">\n\t\t\t\t<a href=\"https:\/\/bergmanclinics.de\/\" target=\"_blank\">\n\t\t\t<img decoding=\"async\" class=\"wp-post-image\"  src=\"https:\/\/bremen-sys.com\/wp-content\/uploads\/2022\/11\/logo-bergman.gif\" alt=\"Logo Berbman Clinics\" \/>\n\t\t<\/a>\n\t\t\t<\/div>\n\t<\/div><div class=\"wpls-logo-cnt\">\n\t<div class=\"wpls-fix-box\">\n\t\t\t\t<a href=\"https:\/\/briteline.de\/\" target=\"_blank\">\n\t\t\t<img decoding=\"async\" class=\"wp-post-image\"  src=\"https:\/\/bremen-sys.com\/wp-content\/uploads\/2022\/11\/logo-briteline.gif\" alt=\"Logo Briteline\" \/>\n\t\t<\/a>\n\t\t\t<\/div>\n\t<\/div><div class=\"wpls-logo-cnt\">\n\t<div class=\"wpls-fix-box\">\n\t\t\t\t<a href=\"https:\/\/smb-navalarchitects.nl\/\" target=\"_blank\">\n\t\t\t<img decoding=\"async\" class=\"wp-post-image\"  src=\"https:\/\/bremen-sys.com\/wp-content\/uploads\/2022\/11\/smb.jpg\" alt=\"Logo SMB\" \/>\n\t\t<\/a>\n\t\t\t<\/div>\n\t<\/div><div class=\"wpls-logo-cnt\">\n\t<div class=\"wpls-fix-box\">\n\t\t\t\t<a href=\"https:\/\/www.dgsp-bremen.de\/\" target=\"_blank\">\n\t\t\t<img decoding=\"async\" class=\"wp-post-image\"  src=\"https:\/\/bremen-sys.com\/wp-content\/uploads\/2022\/11\/dgsp-logo.gif\" alt=\"Logo DGSP\" \/>\n\t\t<\/a>\n\t\t\t<\/div>\n\t<\/div><div class=\"wpls-logo-cnt\">\n\t<div class=\"wpls-fix-box\">\n\t\t\t\t<a href=\"https:\/\/proximospirits.com\/\" target=\"_blank\">\n\t\t\t<img decoding=\"async\" class=\"wp-post-image\"  src=\"https:\/\/bremen-sys.com\/wp-content\/uploads\/2022\/11\/proximo-logo.gif\" alt=\"Logo Proximo\" \/>\n\t\t<\/a>\n\t\t\t<\/div>\n\t<\/div><div class=\"wpls-logo-cnt\">\n\t<div class=\"wpls-fix-box\">\n\t\t\t\t<a href=\"https:\/\/empowerment-college.com\/\" target=\"_blank\">\n\t\t\t<img decoding=\"async\" class=\"wp-post-image\"  src=\"https:\/\/bremen-sys.com\/wp-content\/uploads\/2022\/11\/empowerment-logo.gif\" alt=\"Logo Empowerment College\" \/>\n\t\t<\/a>\n\t\t\t<\/div>\n\t<\/div><div class=\"wpls-logo-cnt\">\n\t<div class=\"wpls-fix-box\">\n\t\t\t\t<a href=\"https:\/\/www.slbremen-ev.de\/\" target=\"_blank\">\n\t\t\t<img decoding=\"async\" class=\"wp-post-image\"  src=\"https:\/\/bremen-sys.com\/wp-content\/uploads\/2022\/11\/sbl-bremen-logo.gif\" alt=\"Logo Selbstbestimmt Leben e.V. Bremen\" \/>\n\t\t<\/a>\n\t\t\t<\/div>\n\t<\/div>\t\t\t<\/div>\n\t\t<\/div>\n\n\t\t\n\n\n<p class=\"has-text-align-center\"><\/p>\n","protected":false},"excerpt":{"rendered":"<p>Das freundliche und kompetente Systemhaus aus Norddeutschland: &#8211; Hard- und Software&#8211; Betreuung Ihrer IT aus einer Hand&#8211; Windows Server und Desktop-Systeme&#8211; Apple MacOS \/ iOS &#8211; eine unserer St\u00e4rken&#8211; Linux Server und Desktop&#8211; Backup &amp; Restore&#8211; Printsysteme \/ Scan-L\u00f6sungen&#8211; Digifax &hellip;<\/p>\n<p class=\"read-more\"> <a class=\"more-link\" href=\"https:\/\/bremen-sys.com\/\"> <span class=\"screen-reader-text\">Ihr Full-Service-IT-Dienstleister aus Norddeutschland<\/span> Weiterlesen &raquo;<\/a><\/p>\n","protected":false},"author":2,"featured_media":278,"parent":0,"menu_order":0,"comment_status":"closed","ping_status":"closed","template":"full-width-page.php","meta":{"footnotes":""},"class_list":["post-2","page","type-page","status-publish","has-post-thumbnail","hentry"],"yoast_head":"<!-- This site is optimized with the Yoast SEO plugin v27.5 - https:\/\/yoast.com\/product\/yoast-seo-wordpress\/ -->\n<title>Ihr Full-Service-IT-Dienstleister aus Norddeutschland - Bremen Syscom<\/title>\n<meta name=\"description\" content=\"Schneller, professioneller und verl\u00e4\u00dflicher IT-Support - Server, Netzwerke, PCs, Firewalls - Microsoft Windows\u00ae, Apple\u00ae Mac, Linux, Cisco\u00ae - Voice-over-IP: DTST, 3CX, Yealink, Snom. Cloud, InHouse, Beratung und Consulting.\" \/>\n<meta name=\"robots\" content=\"index, follow, max-snippet:-1, max-image-preview:large, max-video-preview:-1\" \/>\n<link rel=\"canonical\" href=\"https:\/\/bremen-sys.com\/\" \/>\n<meta property=\"og:locale\" content=\"de_DE\" \/>\n<meta property=\"og:type\" content=\"article\" \/>\n<meta property=\"og:title\" content=\"Ihr Full-Service-IT-Dienstleister aus Norddeutschland - Bremen Syscom\" \/>\n<meta property=\"og:description\" content=\"Schneller, professioneller und verl\u00e4\u00dflicher IT-Support - Server, Netzwerke, PCs, Firewalls - Microsoft Windows\u00ae, Apple\u00ae Mac, Linux, Cisco\u00ae - Voice-over-IP: DTST, 3CX, Yealink, Snom. Cloud, InHouse, Beratung und Consulting.\" \/>\n<meta property=\"og:url\" content=\"https:\/\/bremen-sys.com\/\" \/>\n<meta property=\"og:site_name\" content=\"Bremen Syscom\" \/>\n<meta property=\"article:modified_time\" content=\"2026-01-05T06:14:18+00:00\" \/>\n<meta property=\"og:image\" content=\"https:\/\/bremen-sys.com\/wp-content\/uploads\/2023\/10\/webseite-1.jpg\" \/>\n\t<meta property=\"og:image:width\" content=\"1024\" \/>\n\t<meta property=\"og:image:height\" content=\"768\" \/>\n\t<meta property=\"og:image:type\" content=\"image\/jpeg\" \/>\n<meta name=\"twitter:card\" content=\"summary_large_image\" \/>\n<meta name=\"twitter:label1\" content=\"Gesch\u00e4tzte Lesezeit\" \/>\n\t<meta name=\"twitter:data1\" content=\"1\u00a0Minute\" \/>\n<script type=\"application\/ld+json\" class=\"yoast-schema-graph\">{\"@context\":\"https:\\\/\\\/schema.org\",\"@graph\":[{\"@type\":\"WebPage\",\"@id\":\"https:\\\/\\\/bremen-sys.com\\\/\",\"url\":\"https:\\\/\\\/bremen-sys.com\\\/\",\"name\":\"Ihr Full-Service-IT-Dienstleister aus Norddeutschland - Bremen Syscom\",\"isPartOf\":{\"@id\":\"https:\\\/\\\/bremen-sys.com\\\/#website\"},\"primaryImageOfPage\":{\"@id\":\"https:\\\/\\\/bremen-sys.com\\\/#primaryimage\"},\"image\":{\"@id\":\"https:\\\/\\\/bremen-sys.com\\\/#primaryimage\"},\"thumbnailUrl\":\"https:\\\/\\\/bremen-sys.com\\\/wp-content\\\/uploads\\\/2023\\\/10\\\/webseite-1.jpg\",\"datePublished\":\"2022-10-27T14:24:29+00:00\",\"dateModified\":\"2026-01-05T06:14:18+00:00\",\"description\":\"Schneller, professioneller und verl\u00e4\u00dflicher IT-Support - Server, Netzwerke, PCs, Firewalls - Microsoft Windows\u00ae, Apple\u00ae Mac, Linux, Cisco\u00ae - Voice-over-IP: DTST, 3CX, Yealink, Snom. Cloud, InHouse, Beratung und Consulting.\",\"breadcrumb\":{\"@id\":\"https:\\\/\\\/bremen-sys.com\\\/#breadcrumb\"},\"inLanguage\":\"de\",\"potentialAction\":[{\"@type\":\"ReadAction\",\"target\":[\"https:\\\/\\\/bremen-sys.com\\\/\"]}]},{\"@type\":\"ImageObject\",\"inLanguage\":\"de\",\"@id\":\"https:\\\/\\\/bremen-sys.com\\\/#primaryimage\",\"url\":\"https:\\\/\\\/bremen-sys.com\\\/wp-content\\\/uploads\\\/2023\\\/10\\\/webseite-1.jpg\",\"contentUrl\":\"https:\\\/\\\/bremen-sys.com\\\/wp-content\\\/uploads\\\/2023\\\/10\\\/webseite-1.jpg\",\"width\":1024,\"height\":768},{\"@type\":\"BreadcrumbList\",\"@id\":\"https:\\\/\\\/bremen-sys.com\\\/#breadcrumb\",\"itemListElement\":[{\"@type\":\"ListItem\",\"position\":1,\"name\":\"Startseite\",\"item\":\"https:\\\/\\\/bremen-sys.com\\\/\"},{\"@type\":\"ListItem\",\"position\":2,\"name\":\"Ihr Full-Service-IT-Dienstleister aus Norddeutschland\"}]},{\"@type\":\"WebSite\",\"@id\":\"https:\\\/\\\/bremen-sys.com\\\/#website\",\"url\":\"https:\\\/\\\/bremen-sys.com\\\/\",\"name\":\"Bremen Syscom\",\"description\":\"IT-Dienstleister\",\"publisher\":{\"@id\":\"https:\\\/\\\/bremen-sys.com\\\/#organization\"},\"potentialAction\":[{\"@type\":\"SearchAction\",\"target\":{\"@type\":\"EntryPoint\",\"urlTemplate\":\"https:\\\/\\\/bremen-sys.com\\\/?s={search_term_string}\"},\"query-input\":{\"@type\":\"PropertyValueSpecification\",\"valueRequired\":true,\"valueName\":\"search_term_string\"}}],\"inLanguage\":\"de\"},{\"@type\":\"Organization\",\"@id\":\"https:\\\/\\\/bremen-sys.com\\\/#organization\",\"name\":\"Bremen Syscom\",\"url\":\"https:\\\/\\\/bremen-sys.com\\\/\",\"logo\":{\"@type\":\"ImageObject\",\"inLanguage\":\"de\",\"@id\":\"https:\\\/\\\/bremen-sys.com\\\/#\\\/schema\\\/logo\\\/image\\\/\",\"url\":\"https:\\\/\\\/bremen-sys.com\\\/wp-content\\\/uploads\\\/2022\\\/11\\\/logo.gif\",\"contentUrl\":\"https:\\\/\\\/bremen-sys.com\\\/wp-content\\\/uploads\\\/2022\\\/11\\\/logo.gif\",\"width\":300,\"height\":211,\"caption\":\"Bremen Syscom\"},\"image\":{\"@id\":\"https:\\\/\\\/bremen-sys.com\\\/#\\\/schema\\\/logo\\\/image\\\/\"}}]}<\/script>\n<!-- \/ Yoast SEO plugin. -->","yoast_head_json":{"title":"Ihr Full-Service-IT-Dienstleister aus Norddeutschland - Bremen Syscom","description":"Schneller, professioneller und verl\u00e4\u00dflicher IT-Support - Server, Netzwerke, PCs, Firewalls - Microsoft Windows\u00ae, Apple\u00ae Mac, Linux, Cisco\u00ae - Voice-over-IP: DTST, 3CX, Yealink, Snom. Cloud, InHouse, Beratung und Consulting.","robots":{"index":"index","follow":"follow","max-snippet":"max-snippet:-1","max-image-preview":"max-image-preview:large","max-video-preview":"max-video-preview:-1"},"canonical":"https:\/\/bremen-sys.com\/","og_locale":"de_DE","og_type":"article","og_title":"Ihr Full-Service-IT-Dienstleister aus Norddeutschland - Bremen Syscom","og_description":"Schneller, professioneller und verl\u00e4\u00dflicher IT-Support - Server, Netzwerke, PCs, Firewalls - Microsoft Windows\u00ae, Apple\u00ae Mac, Linux, Cisco\u00ae - Voice-over-IP: DTST, 3CX, Yealink, Snom. Cloud, InHouse, Beratung und Consulting.","og_url":"https:\/\/bremen-sys.com\/","og_site_name":"Bremen Syscom","article_modified_time":"2026-01-05T06:14:18+00:00","og_image":[{"width":1024,"height":768,"url":"https:\/\/bremen-sys.com\/wp-content\/uploads\/2023\/10\/webseite-1.jpg","type":"image\/jpeg"}],"twitter_card":"summary_large_image","twitter_misc":{"Gesch\u00e4tzte Lesezeit":"1\u00a0Minute"},"schema":{"@context":"https:\/\/schema.org","@graph":[{"@type":"WebPage","@id":"https:\/\/bremen-sys.com\/","url":"https:\/\/bremen-sys.com\/","name":"Ihr Full-Service-IT-Dienstleister aus Norddeutschland - Bremen Syscom","isPartOf":{"@id":"https:\/\/bremen-sys.com\/#website"},"primaryImageOfPage":{"@id":"https:\/\/bremen-sys.com\/#primaryimage"},"image":{"@id":"https:\/\/bremen-sys.com\/#primaryimage"},"thumbnailUrl":"https:\/\/bremen-sys.com\/wp-content\/uploads\/2023\/10\/webseite-1.jpg","datePublished":"2022-10-27T14:24:29+00:00","dateModified":"2026-01-05T06:14:18+00:00","description":"Schneller, professioneller und verl\u00e4\u00dflicher IT-Support - Server, Netzwerke, PCs, Firewalls - Microsoft Windows\u00ae, Apple\u00ae Mac, Linux, Cisco\u00ae - Voice-over-IP: DTST, 3CX, Yealink, Snom. Cloud, InHouse, Beratung und Consulting.","breadcrumb":{"@id":"https:\/\/bremen-sys.com\/#breadcrumb"},"inLanguage":"de","potentialAction":[{"@type":"ReadAction","target":["https:\/\/bremen-sys.com\/"]}]},{"@type":"ImageObject","inLanguage":"de","@id":"https:\/\/bremen-sys.com\/#primaryimage","url":"https:\/\/bremen-sys.com\/wp-content\/uploads\/2023\/10\/webseite-1.jpg","contentUrl":"https:\/\/bremen-sys.com\/wp-content\/uploads\/2023\/10\/webseite-1.jpg","width":1024,"height":768},{"@type":"BreadcrumbList","@id":"https:\/\/bremen-sys.com\/#breadcrumb","itemListElement":[{"@type":"ListItem","position":1,"name":"Startseite","item":"https:\/\/bremen-sys.com\/"},{"@type":"ListItem","position":2,"name":"Ihr Full-Service-IT-Dienstleister aus Norddeutschland"}]},{"@type":"WebSite","@id":"https:\/\/bremen-sys.com\/#website","url":"https:\/\/bremen-sys.com\/","name":"Bremen Syscom","description":"IT-Dienstleister","publisher":{"@id":"https:\/\/bremen-sys.com\/#organization"},"potentialAction":[{"@type":"SearchAction","target":{"@type":"EntryPoint","urlTemplate":"https:\/\/bremen-sys.com\/?s={search_term_string}"},"query-input":{"@type":"PropertyValueSpecification","valueRequired":true,"valueName":"search_term_string"}}],"inLanguage":"de"},{"@type":"Organization","@id":"https:\/\/bremen-sys.com\/#organization","name":"Bremen Syscom","url":"https:\/\/bremen-sys.com\/","logo":{"@type":"ImageObject","inLanguage":"de","@id":"https:\/\/bremen-sys.com\/#\/schema\/logo\/image\/","url":"https:\/\/bremen-sys.com\/wp-content\/uploads\/2022\/11\/logo.gif","contentUrl":"https:\/\/bremen-sys.com\/wp-content\/uploads\/2022\/11\/logo.gif","width":300,"height":211,"caption":"Bremen Syscom"},"image":{"@id":"https:\/\/bremen-sys.com\/#\/schema\/logo\/image\/"}}]}},"_links":{"self":[{"href":"https:\/\/bremen-sys.com\/index.php\/wp-json\/wp\/v2\/pages\/2","targetHints":{"allow":["GET"]}}],"collection":[{"href":"https:\/\/bremen-sys.com\/index.php\/wp-json\/wp\/v2\/pages"}],"about":[{"href":"https:\/\/bremen-sys.com\/index.php\/wp-json\/wp\/v2\/types\/page"}],"author":[{"embeddable":true,"href":"https:\/\/bremen-sys.com\/index.php\/wp-json\/wp\/v2\/users\/2"}],"replies":[{"embeddable":true,"href":"https:\/\/bremen-sys.com\/index.php\/wp-json\/wp\/v2\/comments?post=2"}],"version-history":[{"count":56,"href":"https:\/\/bremen-sys.com\/index.php\/wp-json\/wp\/v2\/pages\/2\/revisions"}],"predecessor-version":[{"id":343,"href":"https:\/\/bremen-sys.com\/index.php\/wp-json\/wp\/v2\/pages\/2\/revisions\/343"}],"wp:featuredmedia":[{"embeddable":true,"href":"https:\/\/bremen-sys.com\/index.php\/wp-json\/wp\/v2\/media\/278"}],"wp:attachment":[{"href":"https:\/\/bremen-sys.com\/index.php\/wp-json\/wp\/v2\/media?parent=2"}],"curies":[{"name":"wp","href":"https:\/\/api.w.org\/{rel}","templated":true}]}}